{"id":8,"date":"2021-10-19T17:03:52","date_gmt":"2021-10-19T17:03:52","guid":{"rendered":"https:\/\/listinghive.hivepress.io\/?page_id=8"},"modified":"2023-02-12T05:56:11","modified_gmt":"2023-02-11T22:56:11","slug":"home","status":"publish","type":"page","link":"https:\/\/hoachat-hk.com\/","title":{"rendered":"Home"},"content":{"rendered":"\n<h1 class=\"has-text-align-center wp-block-heading\">Chuy\u00ean cung c\u1ea5p<\/h1>\n\n\n\n<p class=\"has-text-align-center has-medium-font-size\">T\u1eeb v\u1eadt t\u01b0 h\u00f3a ch\u1ea5t, d\u1ee5ng c\u1ee5 ph\u00f2ng th\u00ed nghi\u1ec7m t\u1edbi thu\u1ed1c k\u00edch th\u00edch m\u1ee7 cao su, t\u1ea5t c\u1ea3 \u0111\u1ec1u c\u00f3 \u1edf \u0111\u00e2y.<\/p>\n\n\n\n<!--more-->\n<!--noteaser-->\n\n\n\n<div style=\"height:1px\" aria-hidden=\"true\" class=\"wp-block-spacer\"><\/div>\n\n\n\n<h2 class=\"has-text-align-center content-title wp-block-heading\">Danh m\u1ee5c s\u1ea3n ph\u1ea9m<\/h2>\n\n\n <div class=\"hp-listing-categories hp-grid hp-block\"><div class=\"hp-row\"><div class=\"hp-grid__item hp-col-sm-3 hp-col-xs-12\"><article class=\"hp-listing-category hp-listing-category--view-block\"><header class=\"hp-listing-category__header\"><div class=\"hp-listing-category__image\">\n\t<a href=\"https:\/\/hoachat-hk.com\/index.php\/listing-category\/kich-thich-mu-cao-su\/\">\n\t\t\t\t\t<img decoding=\"async\" src=\"https:\/\/hoachat-hk.com\/wp-content\/uploads\/2023\/02\/Latex-rubber-tree-conv-400x533.jpeg\" alt=\"Thu\u1ed1c k\u00edch th\u00edch m\u1ee7 cao su\" loading=\"lazy\">\n\t\t\t<\/a>\n<\/div>\n<div class=\"hp-listing-category__item-count hp-listing-category__count\">0 Listings<\/div>\n<\/header><div class=\"hp-listing-category__content\"><h3 class=\"hp-listing-category__name\"><a href=\"https:\/\/hoachat-hk.com\/index.php\/listing-category\/kich-thich-mu-cao-su\/\">Thu\u1ed1c k\u00edch th\u00edch m\u1ee7 cao su<\/a>\n<\/h3><div class=\"hp-listing-category__details hp-listing-category__details--primary\"><\/div>\t<div class=\"hp-listing-category__description\">V\u1eadt t\u01b0 h\u00f3a ch\u1ea5t ph\u1ee5c v\u1ee5 cho quy tr\u00ecnh s\u01a1 ch\u1ebf m\u1ee7 cao su v\u00e0 thu\u1ed1c k\u00edch th\u00edch m\u1ee7 cao su<\/div>\n\t<\/div><\/article><\/div><div class=\"hp-grid__item hp-col-sm-3 hp-col-xs-12\"><article class=\"hp-listing-category hp-listing-category--view-block\"><header class=\"hp-listing-category__header\"><div class=\"hp-listing-category__image\">\n\t<a href=\"https:\/\/hoachat-hk.com\/index.php\/listing-category\/vat-tu-hoa-chat\/\">\n\t\t\t\t\t<img decoding=\"async\" src=\"https:\/\/hoachat-hk.com\/wp-content\/uploads\/2023\/02\/chemicals-composition-lab-with-copy-space-1009x1024-1-400x533.jpg\" alt=\"V\u1eadt t\u01b0 h\u00f3a ch\u1ea5t\" loading=\"lazy\">\n\t\t\t<\/a>\n<\/div>\n<div class=\"hp-listing-category__item-count hp-listing-category__count\">0 Listings<\/div>\n<\/header><div class=\"hp-listing-category__content\"><h3 class=\"hp-listing-category__name\"><a href=\"https:\/\/hoachat-hk.com\/index.php\/listing-category\/vat-tu-hoa-chat\/\">V\u1eadt t\u01b0 h\u00f3a ch\u1ea5t<\/a>\n<\/h3><div class=\"hp-listing-category__details hp-listing-category__details--primary\"><\/div>\t<div class=\"hp-listing-category__description\">V\u1eadt t\u01b0 h\u00f3a ch\u1ea5t ph\u1ee5c v\u1ee5 cho quy tr\u00ecnh s\u01a1 ch\u1ebf m\u1ee7 cao su<\/div>\n\t<\/div><\/article><\/div><div class=\"hp-grid__item hp-col-sm-3 hp-col-xs-12\"><article class=\"hp-listing-category hp-listing-category--view-block\"><header class=\"hp-listing-category__header\"><div class=\"hp-listing-category__image\">\n\t<a href=\"https:\/\/hoachat-hk.com\/index.php\/listing-category\/hoa-chat\/\">\n\t\t\t\t\t<img decoding=\"async\" src=\"https:\/\/hoachat-hk.com\/wp-content\/uploads\/2023\/02\/closeup-shot-tweezers-holding-small-black-leaf-blue-liquid-glass-jar-lab-400x533.jpg\" alt=\"H\u00f3a ch\u1ea5t\" loading=\"lazy\">\n\t\t\t<\/a>\n<\/div>\n<div class=\"hp-listing-category__item-count hp-listing-category__count\">0 Listings<\/div>\n<\/header><div class=\"hp-listing-category__content\"><h3 class=\"hp-listing-category__name\"><a href=\"https:\/\/hoachat-hk.com\/index.php\/listing-category\/hoa-chat\/\">H\u00f3a ch\u1ea5t<\/a>\n<\/h3><div class=\"hp-listing-category__details hp-listing-category__details--primary\"><\/div>\t<div class=\"hp-listing-category__description\">H\u00f3a ch\u1ea5t ki\u1ec3m ph\u1ea9m, d\u1ee5ng c\u1ee5 ph\u00f2ng th\u00ed nghi\u1ec7m, h\u00f3a ch\u1ea5t x\u1eed l\u00fd n\u01b0\u1edbc th\u1ea3i<\/div>\n\t<\/div><\/article><\/div><div class=\"hp-grid__item hp-col-sm-3 hp-col-xs-12\"><article class=\"hp-listing-category hp-listing-category--view-block\"><header class=\"hp-listing-category__header\"><div class=\"hp-listing-category__image\">\n\t<a href=\"https:\/\/hoachat-hk.com\/index.php\/listing-category\/thuoc-nong-duoc\/\">\n\t\t\t\t\t<img decoding=\"async\" src=\"https:\/\/hoachat-hk.com\/wp-content\/uploads\/2023\/02\/hi-tech-400x533.jpg\" alt=\"Thu\u1ed1c n\u00f4ng d\u01b0\u1ee3c\" loading=\"lazy\">\n\t\t\t<\/a>\n<\/div>\n<div class=\"hp-listing-category__item-count hp-listing-category__count\">0 Listings<\/div>\n<\/header><div class=\"hp-listing-category__content\"><h3 class=\"hp-listing-category__name\"><a href=\"https:\/\/hoachat-hk.com\/index.php\/listing-category\/thuoc-nong-duoc\/\">Thu\u1ed1c n\u00f4ng d\u01b0\u1ee3c<\/a>\n<\/h3><div class=\"hp-listing-category__details hp-listing-category__details--primary\"><\/div>\t<div class=\"hp-listing-category__description\">D\u1ee5ng c\u1ee5 v\u01b0\u1eddn c\u00e2y, c\u00e1c m\u1eb7t h\u00e0ng thu\u1ed1c n\u00f4ng d\u01b0\u1ee3c<\/div>\n\t<\/div><\/article><\/div><\/div><\/div>\n\n\n<h2 class=\"has-text-align-center content-title wp-block-heading\"><\/h2>\n\n\n\n<div class=\"wp-block-columns is-layout-flex wp-container-core-columns-is-layout-9d6595d7 wp-block-columns-is-layout-flex\">\n<div class=\"wp-block-column is-layout-flow wp-block-column-is-layout-flow\">\n<p><strong>C\u00f4ng ty TNHH SX \u2013 TM \u2013 DV H&amp;K xin g\u1eedi \u0111\u1ebfn Qu\u00fd kh\u00e1ch h\u00e0ng l\u1eddi ch\u00fac s\u1ee9c kh\u1ecfe, ph\u00e1t tri\u1ec3n v\u00e0 th\u1ecbnh v\u01b0\u1ee3ng!<\/strong><\/p>\n\n\n\n<p><strong>C\u00f4ng ty H&amp;K<\/strong> \u0111\u01b0\u1ee3c th\u00e0nh l\u1eadp d\u1ef1a tr\u00ean gi\u00e1 tr\u1ecb c\u1ed1t l\u00f5i: \u201c<em>N\u00e2ng cao gi\u00e1 tr\u1ecb<\/em>\u201d. Mong mu\u1ed1n \u0111em s\u1ea3n ph\u1ea9m t\u1eeb nh\u00e0 s\u1ea3n xu\u1ea5t \u0111\u1ebfn kh\u00e1ch h\u00e0ng cu\u1ed1i c\u00f9ng th\u00f4ng qua kinh nghi\u1ec7m. K\u1ef9 thu\u1eadt kinh doanh c\u00f9ng d\u1ecbch v\u1ee5 ch\u0103m s\u00f3c kh\u00e1ch h\u00e0ng chuy\u00ean nghi\u1ec7p g\u00f3p ph\u1ea7n gia t\u0103ng gi\u00e1 tr\u1ecb c\u1ee7a \u0111\u1ed1i t\u00e1c. V\u1edbi n\u1ed7 l\u1ef1c v\u00e0 s\u1ef1 s\u00e1ng t\u1ea1o kh\u00f4ng ng\u1eebng, <strong>C\u00f4ng ty H&amp;K<\/strong> \u0111\u00e3 v\u00e0 \u0111ang ph\u00e1t tri\u1ec3n m\u1ea1nh c\u00f9ng v\u1edbi th\u1ecb ph\u1ea7n v\u00e0 l\u0129nh v\u1ef1c ho\u1ea1t \u0111\u1ed9ng ng\u00e0y c\u00e0ng t\u0103ng tr\u01b0\u1edfng v\u00e0 m\u1edf r\u1ed9ng. Qua h\u1ec7 th\u1ed1ng v\u0103n ph\u00f2ng kinh doanh v\u00e0 kho h\u00e0ng, <strong>C\u00f4ng ty H&amp;K<\/strong> quy\u1ebft t\u00e2m v\u00e0 cam k\u1ebft th\u1ef1c hi\u1ec7n gi\u00e1 tr\u1ecb c\u1ed1t l\u00f5i c\u1ee7a m\u00ecnh \u0111\u1ec3 tr\u1edf th\u00e0nh m\u1ed9t c\u00f4ng ty s\u1ea3n xu\u1ea5t, ph\u00e2n ph\u1ed1i v\u00e0 cung c\u1ea5p thu\u1ed1c k\u00edch th\u00edch m\u1ee7 cao su, v\u1eadt t\u01b0 h\u00f3a ch\u1ea5t ph\u1ee5c v\u1ee5 quy tr\u00ecnh s\u01a1 ch\u1ebf m\u1ee7 cao su, c\u00e1c m\u1eb7t h\u00e0ng thu\u1ed1c n\u00f4ng d\u01b0\u1ee3c,\u2026 h\u00e0ng \u0111\u1ea7u t\u1ea1i th\u1ecb tr\u01b0\u1eddng Vi\u1ec7t Nam.<\/p>\n\n\n\n<p>C\u00f4ng ty ch\u00fang t\u00f4i nh\u1eadp kh\u1ea9u tr\u1ef1c ti\u1ebfp t\u1eeb c\u00e1c n\u01b0\u1edbc Ch\u00e2u \u00c2u, Nh\u1eadt, Th\u00e1i Lan, Singapore,\u2026 v\u00e0 \u0111\u01b0\u1ee3c c\u00e1c k\u1ef9 s\u01b0 nhi\u1ec1u kinh nghi\u1ec7m ki\u1ec3m tra tr\u01b0\u1edbc khi cung c\u1ea5p cho kh\u00e1ch h\u00e0ng.<\/p>\n\n\n\n<p>V\u00ec v\u1eady, thu\u1ed1c k\u00edch th\u00edch m\u1ee7 cao su, v\u1eadt t\u01b0 h\u00f3a ch\u1ea5t ph\u1ee5c v\u1ee5 quy tr\u00ecnh s\u01a1 ch\u1ebf m\u1ee7 cao su, c\u00e1c m\u1eb7t h\u00e0ng thu\u1ed1c n\u00f4ng d\u01b0\u1ee3c do <strong>c\u00f4ng ty H&amp;K<\/strong> ph\u00e2n ph\u1ed1i lu\u00f4n l\u00e0 th\u01b0\u01a1ng hi\u1ec7u \u0111\u01b0\u1ee3c kh\u00e1ch h\u00e0ng kh\u1eafp c\u1ea3 n\u01b0\u1edbc tin d\u00f9ng v\u00e0 l\u00e0 ni\u1ec1m t\u1ef1 h\u00e0o.<\/p>\n<\/div>\n\n\n\n<div class=\"wp-block-column is-layout-flow wp-block-column-is-layout-flow\">\n<figure class=\"wp-block-image size-full\"><img loading=\"lazy\" decoding=\"async\" width=\"612\" height=\"408\" src=\"https:\/\/hoachat-hk.com\/wp-content\/uploads\/2023\/02\/istockphoto-462180853-612x612-1.jpg\" alt=\"\" class=\"wp-image-256\" srcset=\"https:\/\/hoachat-hk.com\/wp-content\/uploads\/2023\/02\/istockphoto-462180853-612x612-1.jpg 612w, https:\/\/hoachat-hk.com\/wp-content\/uploads\/2023\/02\/istockphoto-462180853-612x612-1-300x200.jpg 300w\" sizes=\"auto, (max-width: 612px) 100vw, 612px\" \/><\/figure>\n<\/div>\n<\/div>\n\n\n\n<h2 class=\"has-text-align-center content-title wp-block-heading\"><\/h2>\n\n\n\n<div class=\"wp-block-columns is-layout-flex wp-container-core-columns-is-layout-9d6595d7 wp-block-columns-is-layout-flex\">\n<div class=\"wp-block-column is-layout-flow wp-block-column-is-layout-flow\">\n<h2 class=\"has-text-align-center wp-block-heading\">T\u1ea1i sao ch\u1ecdn ch\u00fang t\u00f4i<\/h2>\n\n\n\n<div class=\"wp-block-columns is-layout-flex wp-container-core-columns-is-layout-9d6595d7 wp-block-columns-is-layout-flex\">\n<div class=\"wp-block-column is-layout-flow wp-block-column-is-layout-flow\"><div class=\"wp-block-image\">\n<figure class=\"aligncenter size-full is-resized\"><img loading=\"lazy\" decoding=\"async\" src=\"https:\/\/hoachat-hk.com\/wp-content\/uploads\/2023\/02\/client-2.png\" alt=\"\" class=\"wp-image-261\" width=\"99\" height=\"99\" srcset=\"https:\/\/hoachat-hk.com\/wp-content\/uploads\/2023\/02\/client-2.png 512w, https:\/\/hoachat-hk.com\/wp-content\/uploads\/2023\/02\/client-2-300x300.png 300w, https:\/\/hoachat-hk.com\/wp-content\/uploads\/2023\/02\/client-2-150x150.png 150w, https:\/\/hoachat-hk.com\/wp-content\/uploads\/2023\/02\/client-2-400x400.png 400w\" sizes=\"auto, (max-width: 99px) 100vw, 99px\" \/><\/figure><\/div>\n\n\n<p class=\"has-text-align-center\"><strong>Kh\u00e1ch h\u00e0ng l\u00e0 tr\u1ecdng t\u00e2m<\/strong><\/p>\n<\/div>\n\n\n\n<div class=\"wp-block-column is-layout-flow wp-block-column-is-layout-flow\"><div class=\"wp-block-image\">\n<figure class=\"aligncenter size-full is-resized\"><img loading=\"lazy\" decoding=\"async\" src=\"https:\/\/hoachat-hk.com\/wp-content\/uploads\/2023\/02\/medal.png\" alt=\"\" class=\"wp-image-262\" width=\"100\" height=\"100\" srcset=\"https:\/\/hoachat-hk.com\/wp-content\/uploads\/2023\/02\/medal.png 512w, https:\/\/hoachat-hk.com\/wp-content\/uploads\/2023\/02\/medal-300x300.png 300w, https:\/\/hoachat-hk.com\/wp-content\/uploads\/2023\/02\/medal-150x150.png 150w, https:\/\/hoachat-hk.com\/wp-content\/uploads\/2023\/02\/medal-400x400.png 400w\" sizes=\"auto, (max-width: 100px) 100vw, 100px\" \/><\/figure><\/div>\n\n\n<p class=\"has-text-align-center\"><strong>Chuy\u00ean nghi\u1ec7p v\u00e0 uy t\u00edn<\/strong><\/p>\n<\/div>\n<\/div>\n\n\n\n<div class=\"wp-block-columns is-layout-flex wp-container-core-columns-is-layout-9d6595d7 wp-block-columns-is-layout-flex\">\n<div class=\"wp-block-column is-layout-flow wp-block-column-is-layout-flow\"><div class=\"wp-block-image\">\n<figure class=\"aligncenter size-full is-resized\"><img loading=\"lazy\" decoding=\"async\" src=\"https:\/\/hoachat-hk.com\/wp-content\/uploads\/2023\/02\/chart-2.png\" alt=\"\" class=\"wp-image-264\" width=\"95\" height=\"95\" srcset=\"https:\/\/hoachat-hk.com\/wp-content\/uploads\/2023\/02\/chart-2.png 512w, https:\/\/hoachat-hk.com\/wp-content\/uploads\/2023\/02\/chart-2-300x300.png 300w, https:\/\/hoachat-hk.com\/wp-content\/uploads\/2023\/02\/chart-2-150x150.png 150w, https:\/\/hoachat-hk.com\/wp-content\/uploads\/2023\/02\/chart-2-400x400.png 400w\" sizes=\"auto, (max-width: 95px) 100vw, 95px\" \/><\/figure><\/div>\n\n\n<p class=\"has-text-align-center\"><strong>H\u1ed7 tr\u1ee3 v\u00e0 t\u01b0 v\u1ea5n<\/strong><\/p>\n<\/div>\n\n\n\n<div class=\"wp-block-column is-layout-flow wp-block-column-is-layout-flow\"><div class=\"wp-block-image\">\n<figure class=\"aligncenter size-full is-resized\"><img loading=\"lazy\" decoding=\"async\" src=\"https:\/\/hoachat-hk.com\/wp-content\/uploads\/2023\/02\/cup-1.png\" alt=\"\" class=\"wp-image-265\" width=\"90\" height=\"90\" srcset=\"https:\/\/hoachat-hk.com\/wp-content\/uploads\/2023\/02\/cup-1.png 512w, https:\/\/hoachat-hk.com\/wp-content\/uploads\/2023\/02\/cup-1-300x300.png 300w, https:\/\/hoachat-hk.com\/wp-content\/uploads\/2023\/02\/cup-1-150x150.png 150w, https:\/\/hoachat-hk.com\/wp-content\/uploads\/2023\/02\/cup-1-400x400.png 400w\" sizes=\"auto, (max-width: 90px) 100vw, 90px\" \/><\/figure><\/div>\n\n\n<p class=\"has-text-align-center\"><strong>S\u1ea3n ph\u1ea9m v\u00e0 ch\u1ea5t l\u01b0\u1ee3ng d\u1ecbch v\u1ee5<\/strong><\/p>\n<\/div>\n<\/div>\n<\/div>\n\n\n\n<div class=\"wp-block-column is-layout-flow wp-block-column-is-layout-flow\">\n<figure class=\"wp-block-image size-large\"><img loading=\"lazy\" decoding=\"async\" width=\"1024\" height=\"683\" src=\"https:\/\/hoachat-hk.com\/wp-content\/uploads\/2023\/02\/3081648-1024x683.jpg\" alt=\"\" class=\"wp-image-260\" srcset=\"https:\/\/hoachat-hk.com\/wp-content\/uploads\/2023\/02\/3081648-1024x683.jpg 1024w, https:\/\/hoachat-hk.com\/wp-content\/uploads\/2023\/02\/3081648-300x200.jpg 300w, https:\/\/hoachat-hk.com\/wp-content\/uploads\/2023\/02\/3081648-768x512.jpg 768w, https:\/\/hoachat-hk.com\/wp-content\/uploads\/2023\/02\/3081648-1536x1024.jpg 1536w, https:\/\/hoachat-hk.com\/wp-content\/uploads\/2023\/02\/3081648-2048x1365.jpg 2048w\" sizes=\"auto, (max-width: 1024px) 100vw, 1024px\" \/><\/figure>\n<\/div>\n<\/div>\n\n\n\n<div class=\"wp-block-columns is-layout-flex wp-container-core-columns-is-layout-9d6595d7 wp-block-columns-is-layout-flex\">\n<div class=\"wp-block-column is-layout-flow wp-block-column-is-layout-flow\">\n<div class=\"wp-block-group alignfull has-text-color has-background\" style=\"color:#000000;background-color:#ffffff\"><div class=\"wp-block-group__inner-container is-layout-flow wp-block-group-is-layout-flow\">\n<p class=\"has-text-align-center\" style=\"font-size:35px\">Li\u00ean h\u1ec7 v\u1edbi ch\u00fang t\u00f4i \u0111\u1ec3 nh\u1eadn b\u00e1o gi\u00e1 t\u1ed1t nh\u1ea5t<\/p>\n\n\n\n<div class=\"wp-block-buttons is-horizontal is-content-justification-center is-layout-flex wp-container-core-buttons-is-layout-499968f5 wp-block-buttons-is-layout-flex\">\n<div class=\"wp-block-button has-custom-width wp-block-button__width-50 is-style-fill\"><a class=\"wp-block-button__link has-vivid-green-cyan-background-color has-text-color has-background wp-element-button\" style=\"border-radius:50px;color:#ffffff\">\ud83d\udcde <strong>Ms Nhu 0903679392<\/strong><\/a><\/div>\n<\/div>\n\n\n\n<div style=\"height:64px\" aria-hidden=\"true\" class=\"wp-block-spacer\"><\/div>\n<\/div><\/div>\n<\/div>\n<\/div>\n","protected":false},"excerpt":{"rendered":"<p>Chuy\u00ean cung c\u1ea5p T\u1eeb v\u1eadt t\u01b0 h\u00f3a ch\u1ea5t, d\u1ee5ng c\u1ee5 ph\u00f2ng th\u00ed nghi\u1ec7m t\u1edbi thu\u1ed1c k\u00edch th\u00edch m\u1ee7 cao su, t\u1ea5t c\u1ea3 \u0111\u1ec1u c\u00f3 \u1edf \u0111\u00e2y.<\/p>\n","protected":false},"author":1,"featured_media":0,"parent":0,"menu_order":0,"comment_status":"closed","ping_status":"closed","template":"","meta":{"footnotes":""},"class_list":["post-8","page","type-page","status-publish","hentry"],"aioseo_notices":[],"_links":{"self":[{"href":"https:\/\/hoachat-hk.com\/index.php\/wp-json\/wp\/v2\/pages\/8","targetHints":{"allow":["GET"]}}],"collection":[{"href":"https:\/\/hoachat-hk.com\/index.php\/wp-json\/wp\/v2\/pages"}],"about":[{"href":"https:\/\/hoachat-hk.com\/index.php\/wp-json\/wp\/v2\/types\/page"}],"author":[{"embeddable":true,"href":"https:\/\/hoachat-hk.com\/index.php\/wp-json\/wp\/v2\/users\/1"}],"replies":[{"embeddable":true,"href":"https:\/\/hoachat-hk.com\/index.php\/wp-json\/wp\/v2\/comments?post=8"}],"version-history":[{"count":8,"href":"https:\/\/hoachat-hk.com\/index.php\/wp-json\/wp\/v2\/pages\/8\/revisions"}],"predecessor-version":[{"id":276,"href":"https:\/\/hoachat-hk.com\/index.php\/wp-json\/wp\/v2\/pages\/8\/revisions\/276"}],"wp:attachment":[{"href":"https:\/\/hoachat-hk.com\/index.php\/wp-json\/wp\/v2\/media?parent=8"}],"curies":[{"name":"wp","href":"https:\/\/api.w.org\/{rel}","templated":true}]}}