{"id":227,"date":"2023-02-11T15:05:34","date_gmt":"2023-02-11T08:05:34","guid":{"rendered":"https:\/\/hoachat-hk.com\/?page_id=227"},"modified":"2023-02-11T16:10:56","modified_gmt":"2023-02-11T09:10:56","slug":"ve-chung-toi","status":"publish","type":"page","link":"https:\/\/hoachat-hk.com\/index.php\/ve-chung-toi\/","title":{"rendered":"Gi\u1edbi thi\u1ec7u"},"content":{"rendered":"\n<h1 class=\"alignwide has-text-align-center content-title wp-block-heading\">V\u1ec1 ch\u00fang t\u00f4i<\/h1>\n\n\n\n<div class=\"wp-block-columns is-layout-flex wp-container-core-columns-is-layout-9d6595d7 wp-block-columns-is-layout-flex\">\n<div class=\"wp-block-column is-layout-flow wp-block-column-is-layout-flow\">\n<h2 class=\"wp-block-heading\">Uy t\u00edn, chuy\u00ean nghi\u1ec7p v\u00e0 nhanh ch\u00f3ng<\/h2>\n\n\n\n<p>Ch\u00fang t\u00f4i kh\u00f4ng ch\u1ec9 cung c\u1ea5p d\u1ecbch v\u1ee5 v\u1edbi ti\u00eau chu\u1ea9n c\u1ef1c k\u1ef3 cao m\u00e0 c\u00f2n cam k\u1ebft ph\u1ee5c v\u1ee5 t\u1ed1t nh\u1ea5t cho kh\u00e1ch h\u00e0ng. V\u1edbi ki\u1ebfn th\u1ee9c v\u1ec1 thu\u1ed1c k\u00edch th\u00edch m\u1ee7 cao su, v\u1eadt t\u01b0 h\u00f3a ch\u1ea5t ph\u1ee5c v\u1ee5 quy tr\u00ecnh s\u01a1 ch\u1ebf m\u1ee7 cao su v\u00e0 c\u00e1c m\u1eb7t h\u00e0ng thu\u1ed1c n\u00f4ng d\u01b0\u1ee3c qua nhi\u1ec1u n\u0103m, b\u1ea5t k\u1ec3 kh\u1ed1i l\u01b0\u1ee3ng hay \u0111\u1ed9 ph\u1ee9c t\u1ea1p c\u1ee7a \u0111\u01a1n h\u00e0ng, kh\u00e1ch h\u00e0ng c\u00f3 th\u1ec3 an t\u00e2m v\u00ec bi\u1ebft r\u1eb1ng ch\u00fang t\u00f4i lu\u00f4n chu\u1ea9n b\u1ecb s\u1eb5n s\u00e0ng \u0111\u1ec3 \u0111\u00e1p \u1ee9ng nhu c\u1ea7u.<\/p>\n\n\n\n<p>L\u00e0m vi\u1ec7c ph\u00f9 h\u1ee3p v\u1edbi s\u1ef1 chuy\u00ean nghi\u1ec7p nh\u1ea5t v\u00e0 \u00e1p d\u1ee5ng quy tr\u00ecnh ki\u1ec3m so\u00e1t ch\u1ea5t l\u01b0\u1ee3ng \u0111\u00e1ng tin c\u1eady, kh\u00f4ng c\u1ea7n t\u00ecm \u0111\u00e2u xa cho c\u00e1c d\u1ecbch v\u1ee5 c\u1ee7a ch\u00fang t\u00f4i h\u1ee9a s\u1ebd kh\u00f4ng \u0111\u1ec3 kh\u00e1ch h\u00e0ng ph\u1ea3i th\u1ea5t v\u1ecdng.<\/p>\n<\/div>\n\n\n\n<div class=\"wp-block-column is-layout-flow wp-block-column-is-layout-flow\">\n<figure class=\"wp-block-image size-large\"><img loading=\"lazy\" decoding=\"async\" width=\"1024\" height=\"683\" src=\"https:\/\/hoachat-hk.com\/wp-content\/uploads\/2023\/02\/5356723-1024x683.jpg\" alt=\"\" class=\"wp-image-228\" srcset=\"https:\/\/hoachat-hk.com\/wp-content\/uploads\/2023\/02\/5356723-1024x683.jpg 1024w, https:\/\/hoachat-hk.com\/wp-content\/uploads\/2023\/02\/5356723-300x200.jpg 300w, https:\/\/hoachat-hk.com\/wp-content\/uploads\/2023\/02\/5356723-768x512.jpg 768w, https:\/\/hoachat-hk.com\/wp-content\/uploads\/2023\/02\/5356723-1536x1024.jpg 1536w, https:\/\/hoachat-hk.com\/wp-content\/uploads\/2023\/02\/5356723-2048x1365.jpg 2048w\" sizes=\"auto, (max-width: 1024px) 100vw, 1024px\" \/><\/figure>\n<\/div>\n<\/div>\n\n\n\n<h1 class=\"alignwide has-text-align-center content-title wp-block-heading\">T\u1ea1i sao ch\u1ecdn ch\u00fang t\u00f4i?<\/h1>\n\n\n\n<p><\/p>\n\n\n\n<div class=\"wp-block-columns is-layout-flex wp-container-core-columns-is-layout-9d6595d7 wp-block-columns-is-layout-flex\">\n<div class=\"wp-block-column is-layout-flow wp-block-column-is-layout-flow\"><div class=\"wp-block-image\">\n<figure class=\"aligncenter size-full is-resized\"><img loading=\"lazy\" decoding=\"async\" src=\"https:\/\/hoachat-hk.com\/wp-content\/uploads\/2023\/02\/box-1.png\" alt=\"\" class=\"wp-image-231\" width=\"148\" height=\"148\" srcset=\"https:\/\/hoachat-hk.com\/wp-content\/uploads\/2023\/02\/box-1.png 512w, https:\/\/hoachat-hk.com\/wp-content\/uploads\/2023\/02\/box-1-300x300.png 300w, https:\/\/hoachat-hk.com\/wp-content\/uploads\/2023\/02\/box-1-150x150.png 150w, https:\/\/hoachat-hk.com\/wp-content\/uploads\/2023\/02\/box-1-400x400.png 400w\" sizes=\"auto, (max-width: 148px) 100vw, 148px\" \/><\/figure><\/div>\n\n\n<p class=\"has-text-align-center\"><strong>Ch\u1ea5t l\u01b0\u1ee3ng cao v\u00e0 \u1ed5n \u0111\u1ecbnh<\/strong><\/p>\n<\/div>\n\n\n\n<div class=\"wp-block-column is-layout-flow wp-block-column-is-layout-flow\"><div class=\"wp-block-image\">\n<figure class=\"aligncenter size-full is-resized\"><img loading=\"lazy\" decoding=\"async\" src=\"https:\/\/hoachat-hk.com\/wp-content\/uploads\/2023\/02\/quality-1.png\" alt=\"\" class=\"wp-image-232\" width=\"146\" height=\"146\" srcset=\"https:\/\/hoachat-hk.com\/wp-content\/uploads\/2023\/02\/quality-1.png 512w, https:\/\/hoachat-hk.com\/wp-content\/uploads\/2023\/02\/quality-1-300x300.png 300w, https:\/\/hoachat-hk.com\/wp-content\/uploads\/2023\/02\/quality-1-150x150.png 150w, https:\/\/hoachat-hk.com\/wp-content\/uploads\/2023\/02\/quality-1-400x400.png 400w\" sizes=\"auto, (max-width: 146px) 100vw, 146px\" \/><\/figure><\/div>\n\n\n<p class=\"has-text-align-center\"><strong>Gi\u00e1 c\u1ea3 c\u1ea1nh tranh<\/strong><\/p>\n<\/div>\n\n\n\n<div class=\"wp-block-column is-layout-flow wp-block-column-is-layout-flow\"><div class=\"wp-block-image is-style-default\">\n<figure class=\"aligncenter size-full is-resized\"><img loading=\"lazy\" decoding=\"async\" src=\"https:\/\/hoachat-hk.com\/wp-content\/uploads\/2023\/02\/products.png\" alt=\"\" class=\"wp-image-233\" width=\"146\" height=\"146\" srcset=\"https:\/\/hoachat-hk.com\/wp-content\/uploads\/2023\/02\/products.png 512w, https:\/\/hoachat-hk.com\/wp-content\/uploads\/2023\/02\/products-300x300.png 300w, https:\/\/hoachat-hk.com\/wp-content\/uploads\/2023\/02\/products-150x150.png 150w, https:\/\/hoachat-hk.com\/wp-content\/uploads\/2023\/02\/products-400x400.png 400w\" sizes=\"auto, (max-width: 146px) 100vw, 146px\" \/><\/figure><\/div>\n\n\n<p class=\"has-text-align-center\"><strong>M\u1eb7t h\u00e0ng \u0111a d\u1ea1ng<\/strong><\/p>\n<\/div>\n\n\n\n<div class=\"wp-block-column is-layout-flow wp-block-column-is-layout-flow\"><div class=\"wp-block-image\">\n<figure class=\"aligncenter size-full is-resized\"><img loading=\"lazy\" decoding=\"async\" src=\"https:\/\/hoachat-hk.com\/wp-content\/uploads\/2023\/02\/ship.png\" alt=\"\" class=\"wp-image-234\" width=\"149\" height=\"149\" srcset=\"https:\/\/hoachat-hk.com\/wp-content\/uploads\/2023\/02\/ship.png 512w, https:\/\/hoachat-hk.com\/wp-content\/uploads\/2023\/02\/ship-300x300.png 300w, https:\/\/hoachat-hk.com\/wp-content\/uploads\/2023\/02\/ship-150x150.png 150w, https:\/\/hoachat-hk.com\/wp-content\/uploads\/2023\/02\/ship-400x400.png 400w\" sizes=\"auto, (max-width: 149px) 100vw, 149px\" \/><\/figure><\/div>\n\n\n<p class=\"has-text-align-center\"><strong>Giao h\u00e0ng to\u00e0n qu\u1ed1c v\u00e0 qu\u1ed1c t\u1ebf<\/strong><\/p>\n<\/div>\n\n\n\n<div class=\"wp-block-column is-layout-flow wp-block-column-is-layout-flow\"><div class=\"wp-block-image\">\n<figure class=\"aligncenter size-full is-resized\"><img loading=\"lazy\" decoding=\"async\" src=\"https:\/\/hoachat-hk.com\/wp-content\/uploads\/2023\/02\/chart.png\" alt=\"\" class=\"wp-image-235\" width=\"148\" height=\"148\" srcset=\"https:\/\/hoachat-hk.com\/wp-content\/uploads\/2023\/02\/chart.png 512w, https:\/\/hoachat-hk.com\/wp-content\/uploads\/2023\/02\/chart-300x300.png 300w, https:\/\/hoachat-hk.com\/wp-content\/uploads\/2023\/02\/chart-150x150.png 150w, https:\/\/hoachat-hk.com\/wp-content\/uploads\/2023\/02\/chart-400x400.png 400w\" sizes=\"auto, (max-width: 148px) 100vw, 148px\" \/><\/figure><\/div>\n\n\n<p class=\"has-text-align-center\"><strong>Kinh nghi\u1ec7m l\u00e2u n\u0103m<\/strong><\/p>\n<\/div>\n\n\n\n<div class=\"wp-block-column is-layout-flow wp-block-column-is-layout-flow\"><div class=\"wp-block-image\">\n<figure class=\"aligncenter size-full is-resized\"><img loading=\"lazy\" decoding=\"async\" src=\"https:\/\/hoachat-hk.com\/wp-content\/uploads\/2023\/02\/people-sync.png\" alt=\"\" class=\"wp-image-236\" width=\"148\" height=\"148\" srcset=\"https:\/\/hoachat-hk.com\/wp-content\/uploads\/2023\/02\/people-sync.png 512w, https:\/\/hoachat-hk.com\/wp-content\/uploads\/2023\/02\/people-sync-300x300.png 300w, https:\/\/hoachat-hk.com\/wp-content\/uploads\/2023\/02\/people-sync-150x150.png 150w, https:\/\/hoachat-hk.com\/wp-content\/uploads\/2023\/02\/people-sync-400x400.png 400w\" sizes=\"auto, (max-width: 148px) 100vw, 148px\" \/><\/figure><\/div>\n\n\n<p class=\"has-text-align-center\"><strong>H\u1ee3p t\u00e1c v\u00e0 ph\u00e1t tri\u1ec3n<\/strong><\/p>\n<\/div>\n<\/div>\n","protected":false},"excerpt":{"rendered":"<p>V\u1ec1 ch\u00fang t\u00f4i Uy t\u00edn, chuy\u00ean nghi\u1ec7p v\u00e0 nhanh ch\u00f3ng Ch\u00fang t\u00f4i kh\u00f4ng ch\u1ec9 cung c\u1ea5p d\u1ecbch v\u1ee5 v\u1edbi ti\u00eau chu\u1ea9n c\u1ef1c k\u1ef3 cao m\u00e0 c\u00f2n cam k\u1ebft ph\u1ee5c v\u1ee5 t\u1ed1t nh\u1ea5t cho kh\u00e1ch h\u00e0ng. V\u1edbi ki\u1ebfn th\u1ee9c v\u1ec1 thu\u1ed1c k\u00edch th\u00edch m\u1ee7 cao su, v\u1eadt t\u01b0 h\u00f3a ch\u1ea5t ph\u1ee5c v\u1ee5 quy tr\u00ecnh s\u01a1 ch\u1ebf [&hellip;]<\/p>\n","protected":false},"author":1,"featured_media":0,"parent":0,"menu_order":0,"comment_status":"closed","ping_status":"closed","template":"","meta":{"footnotes":""},"class_list":["post-227","page","type-page","status-publish","hentry"],"aioseo_notices":[],"_links":{"self":[{"href":"https:\/\/hoachat-hk.com\/index.php\/wp-json\/wp\/v2\/pages\/227","targetHints":{"allow":["GET"]}}],"collection":[{"href":"https:\/\/hoachat-hk.com\/index.php\/wp-json\/wp\/v2\/pages"}],"about":[{"href":"https:\/\/hoachat-hk.com\/index.php\/wp-json\/wp\/v2\/types\/page"}],"author":[{"embeddable":true,"href":"https:\/\/hoachat-hk.com\/index.php\/wp-json\/wp\/v2\/users\/1"}],"replies":[{"embeddable":true,"href":"https:\/\/hoachat-hk.com\/index.php\/wp-json\/wp\/v2\/comments?post=227"}],"version-history":[{"count":10,"href":"https:\/\/hoachat-hk.com\/index.php\/wp-json\/wp\/v2\/pages\/227\/revisions"}],"predecessor-version":[{"id":255,"href":"https:\/\/hoachat-hk.com\/index.php\/wp-json\/wp\/v2\/pages\/227\/revisions\/255"}],"wp:attachment":[{"href":"https:\/\/hoachat-hk.com\/index.php\/wp-json\/wp\/v2\/media?parent=227"}],"curies":[{"name":"wp","href":"https:\/\/api.w.org\/{rel}","templated":true}]}}